{"id":3428,"date":"2021-01-29T15:04:38","date_gmt":"2021-01-29T14:04:38","guid":{"rendered":"\/?page_id=3428"},"modified":"2025-07-10T15:36:07","modified_gmt":"2025-07-10T13:36:07","slug":"about","status":"publish","type":"page","link":"https:\/\/www.galeriekreo.com\/en\/about\/","title":{"rendered":"About"},"content":{"rendered":"<div id=\"cs-content\" class=\"cs-content\"><div class=\"x-section e3428-e1 m2n8-0 m2n8-1 m2n8-2\" id=\"custom-submenu\"><div class=\"x-row e3428-e2 m2n8-7 m2n8-8 m2n8-9 m2n8-a m2n8-b m2n8-h m2n8-i\"><div class=\"x-row-inner\"><div class=\"x-col e3428-e3 m2n8-x m2n8-y\"><a class=\"x-anchor x-anchor-button e3428-e4 m2n8-11 m2n8-12 m2n8-13 x-currently-active\" tabindex=\"0\" href=\"#overview\"><div class=\"x-anchor-content\"><div class=\"x-anchor-text\"><span class=\"x-anchor-text-primary\">Overview & Mission<\/span><\/div><\/div><\/a><a class=\"x-anchor x-anchor-button e3428-e5 m2n8-11 m2n8-12 m2n8-14\" tabindex=\"0\" href=\"#founders\"><div class=\"x-anchor-content\"><div class=\"x-anchor-text\"><span class=\"x-anchor-text-primary\">The Founders<\/span><\/div><\/div><\/a><a class=\"x-anchor x-anchor-button e3428-e6 m2n8-11 m2n8-12 m2n8-14\" tabindex=\"0\" href=\"#publications\"><div class=\"x-anchor-content\"><div class=\"x-anchor-text\"><span class=\"x-anchor-text-primary\">Publications<\/span><\/div><\/div><\/a><\/div><\/div><\/div><\/div><div class=\"x-section e3428-e7 m2n8-1 m2n8-2 m2n8-3\" id=\"overview\"><div class=\"x-row x-container max width e3428-e8 m2n8-7 m2n8-8 m2n8-a m2n8-b m2n8-c m2n8-h m2n8-j m2n8-6 x-effect-exit\" data-x-effect=\"{&quot;scroll&quot;:true,&quot;offsetTop&quot;:&quot;10%&quot;,&quot;offsetBottom&quot;:&quot;10%&quot;,&quot;behaviorScroll&quot;:&quot;fire-once&quot;}\"><div class=\"x-row-inner\"><div class=\"x-col e3428-e9 m2n8-y m2n8-z m2n8-10\"><span class=\"x-image e3428-e10 m2n8-16 m2n8-17 m2n8-6 x-effect-exit\" data-x-effect=\"{&quot;scroll&quot;:true,&quot;offsetTop&quot;:&quot;10%&quot;,&quot;offsetBottom&quot;:&quot;10%&quot;,&quot;behaviorScroll&quot;:&quot;fire-once&quot;}\"><img decoding=\"async\" src=\"https:\/\/www.galeriekreo.com\/wp-content\/uploads\/2021\/02\/Galerie-kreo-home.jpg\" width=\"932\" height=\"465\" alt=\"Image\" loading=\"lazy\"><\/span><div class=\"x-text x-content e3428-e11 m2n8-19 m2n8-1a m2n8-1b m2n8-1c m2n8-1d gk-text\"><p><br \/>\nGalerie kreo is recognized as one of the most influential furniture galleries on the international scene.<\/p><\/div><div class=\"x-text x-content e3428-e12 m2n8-1b m2n8-1c m2n8-1d m2n8-1e m2n8-1f m2n8-1g gk-text\"><p>The gallery defines itself as a \"research laboratory\" dedicated to the production of contemporary pieces in limited editions, created exclusively for the gallery, by the greatest contemporary designers, from Virgil Abloh, to Ronan &amp; Erwan Bouroullec, Edward Barber and Jay Osgerby, Pierre Charpin, Front, Naoto Fukasawa, Jaime Hayon, Konstantin Grcic, Hella Jongerius, Alessandro Mendini, Jasper Morrison, Marc Newson, or Studio Wieki Somers.<br \/>\n<br \/>\nThe works of these designers reside in the most important private and public collections around the world, from the Museum of Modern Art, New York, to the Centre Pompidou, Paris, to the V&amp;A, London, to the San Francisco Museum of Modern Art, etc.<\/p>\n<p>In parallel with the contemporary production, the gallery also presents a selection of exceptional French and Italian 20th century lighting.<\/p>\n<p><strong>1999<\/strong>: opening of Galerie kreo rue Louise Weiss, in the 13th arrondissement of Paris<br \/>\n<strong>2000<\/strong>: the gallery moves to a neighboring street, 22 rue Duchefdelaville in the 13th arrondissement of Paris<br \/>\n<strong>2008<\/strong>: the gallery moves to 31, rue Dauphine, in the 6th arrondissement of Paris<br \/>\n<strong>2014<\/strong>: opening of a gallery in London, in the heart of Mayfair<br \/>\n<strong>2019<\/strong>: the gallery celebrates its 20th anniversary<\/p><\/div><\/div><\/div><\/div><\/div><div class=\"x-section e3428-e13 m2n8-1 m2n8-3 m2n8-4 m2n8-5\" id=\"founders\"><div class=\"x-row x-container max width e3428-e14 m2n8-7 m2n8-8 m2n8-9 m2n8-a m2n8-b m2n8-h m2n8-k m2n8-6 x-effect-exit\" data-x-effect=\"{&quot;scroll&quot;:true,&quot;offsetTop&quot;:&quot;10%&quot;,&quot;offsetBottom&quot;:&quot;10%&quot;,&quot;behaviorScroll&quot;:&quot;fire-once&quot;}\"><div class=\"x-row-inner\"><div class=\"x-col e3428-e15 m2n8-y m2n8-10\"><div class=\"x-text x-text-headline e3428-e16 m2n8-1k module-title\"><div class=\"x-text-content\"><div class=\"x-text-content-text\"><h2 class=\"x-text-content-text-primary\">The Founders<\/h2>\n<\/div><\/div><\/div><\/div><\/div><\/div><div class=\"x-row x-container max width e3428-e17 m2n8-7 m2n8-8 m2n8-9 m2n8-d m2n8-l\"><div class=\"x-row-inner\"><div class=\"x-col e3428-e18 m2n8-y m2n8-10\"><div class=\"x-text x-content e3428-e19 m2n8-1b m2n8-1d m2n8-1e m2n8-1g m2n8-1h m2n8-6 gk-text x-effect-exit\" data-x-effect=\"{&quot;scroll&quot;:true,&quot;offsetTop&quot;:&quot;10%&quot;,&quot;offsetBottom&quot;:&quot;10%&quot;,&quot;behaviorScroll&quot;:&quot;fire-once&quot;}\"><p>Cl\u00e9mence and Didier Krzentowski founded Galerie kreo in 1999.<\/p>\n<p>Before opening the gallery, Cl\u00e9mence and Didier both worked in the sports business. For several years, Didier supported the family company KILLY \u2013 a renowned ski apparel company. Meanwhile, Cl\u00e9mence was on the Organizing Committee of the Winter Olympic Games of Albertville, 1992. There, she became Director of the Torch Relay, asking French designer Philippe Stark to design the Olympic torch.<br \/>\n<br \/>\nCl\u00e9mence and Didier opened kreo as an agency first, working on industrial projects with Ronan Bouroullec, Fran\u00e7ois Bauchet, Marc Newson, Pierre Charpin etc. A few years later, they decided to open a gallery space in the 13th arrondissement in Paris.<br \/>\n<br \/>\nIn May 1999, their first show 'Furniture &amp; Objects (1960-2000)' opened. Immediately, the gallery distinguished itself by showing extremely contemporary design alongside exceptional modern design.<\/p>\n<p>Previous experience gave Cl\u00e9mence and Didier the taste for exhibiting design and art together, notably inspiring them to collaborate with galleries and institutions such as Emmanuel Perrotin (in 1996 and 1998), the Purple Gallery (1999), and the Fondation Cartier for the exhibition Fabulation by Radi Designers in 1999. In 1995, part of Cl\u00e9mence and Didier's art collection was presented at the Museum of Modern Art in Paris on the occasion of Suzanne Pag\u00e9's thematic exhibition 'Passions Priv\u00e9es'.<\/p>\n<p>Didier is an expert in Design and Contemporary Art, member of the CNE (Compagnie nationale des experts), and Assessor of the Conciliation and Customs Expertise Commission.<br \/>\n<br \/>\nCl\u00e9mence and Didier are both Officers of the French Order of the \u2018Arts &amp; Lettres\u2019 (Arts and Letters),<span>\u00a0and have been included in the 50 most influential French people in the world list by Vanity Fair.<\/span><\/p><\/div><\/div><div class=\"x-col e3428-e20 m2n8-y m2n8-10\"><span class=\"x-image e3428-e21 m2n8-16 m2n8-18 m2n8-6 x-effect-exit\" data-x-effect=\"{&quot;scroll&quot;:true,&quot;offsetTop&quot;:&quot;10%&quot;,&quot;offsetBottom&quot;:&quot;10%&quot;,&quot;behaviorScroll&quot;:&quot;fire-once&quot;}\"><img decoding=\"async\" src=\"https:\/\/www.galeriekreo.com\/wp-content\/uploads\/2025\/07\/Galerie-kreo-Clemence-Didier-Krzentowski-\u00a9-Alexandra-de-Cossette-1.jpg\" width=\"787\" height=\"1181\" alt=\"Image\" loading=\"lazy\"><\/span><div class=\"x-frame x-frame-video-embed e3428-e22 m2n8-1l m2n8-1m m2n8-6 x-effect-exit\" data-x-effect=\"{&quot;scroll&quot;:true,&quot;offsetTop&quot;:&quot;10%&quot;,&quot;offsetBottom&quot;:&quot;10%&quot;,&quot;behaviorScroll&quot;:&quot;fire-once&quot;}\"><div class=\"x-frame-inner\"><div class=\"x-video x-video-embed\"><iframe loading=\"lazy\" width=\"560\" height=\"315\" src=\"https:\/\/www.youtube-nocookie.com\/embed\/kat-oknJ2O8\" frameborder=\"0\" allow=\"accelerometer; autoplay; clipboard-write; encrypted-media; gyroscope; picture-in-picture\" allowfullscreen><\/iframe><\/div><\/div><\/div><div class=\"x-text x-content e3428-e23 m2n8-1b m2n8-1d m2n8-1e m2n8-1g m2n8-1h m2n8-6 gk-text x-effect-exit\" data-x-effect=\"{&quot;scroll&quot;:true,&quot;offsetTop&quot;:&quot;10%&quot;,&quot;offsetBottom&quot;:&quot;10%&quot;,&quot;behaviorScroll&quot;:&quot;fire-once&quot;}\"><b>Nowness: In Residence with Cl\u00e9mence & Didier Krzentowski<\/b><\/div><\/div><\/div><\/div><\/div><div class=\"x-section e3428-e24 m2n8-1 m2n8-3 m2n8-4\" id=\"publications\"><div class=\"x-row x-container max width e3428-e25 m2n8-7 m2n8-8 m2n8-9 m2n8-a m2n8-h m2n8-m m2n8-6 x-effect-exit\" data-x-effect=\"{&quot;scroll&quot;:true,&quot;offsetTop&quot;:&quot;10%&quot;,&quot;offsetBottom&quot;:&quot;10%&quot;,&quot;behaviorScroll&quot;:&quot;fire-once&quot;}\"><div class=\"x-row-inner\"><div class=\"x-col e3428-e26 m2n8-y m2n8-10\"><div class=\"x-text x-text-headline e3428-e27 m2n8-1k module-title\"><div class=\"x-text-content\"><div class=\"x-text-content-text\"><h2 class=\"x-text-content-text-primary\">Publications<\/h2>\n<\/div><\/div><\/div><\/div><div class=\"x-col e3428-e28 m2n8-y m2n8-10\"><span class=\"x-image e3428-e29 m2n8-16 m2n8-17\"><img decoding=\"async\" src=\"https:\/\/www.galeriekreo.com\/wp-content\/uploads\/2021\/02\/THE-DESIGN-LAB-COVER.jpg\" width=\"472\" height=\"574\" alt=\"Image\" loading=\"lazy\"><\/span><\/div><div class=\"x-col e3428-e30 m2n8-y m2n8-10\"><div class=\"x-text x-content e3428-e31 m2n8-19 m2n8-1b m2n8-1d m2n8-1g m2n8-1h m2n8-1i book-title\">The Design Lab<\/div><div class=\"x-text x-content e3428-e32 m2n8-1b m2n8-1e m2n8-1g m2n8-1h m2n8-1j gk-text\">English Language Edition<\/div><a class=\"x-anchor x-anchor-button has-graphic e3428-e33 m2n8-12 m2n8-15 purchase-btn arrow-cta\" tabindex=\"0\" href=\"https:\/\/editions.flammarion.com\/the-design-lab\/9782080204196\" target=\"_blank\" rel=\"noopener noreferrer\"><div class=\"x-anchor-content\"><span class=\"x-graphic\" aria-hidden=\"true\"><span class=\"x-image x-graphic-child x-graphic-image x-graphic-primary\"><img decoding=\"async\" src=\"https:\/\/www.galeriekreo.com\/wp-content\/uploads\/2021\/03\/Arrowright.png\" width=\"250\" height=\"183\" alt=\"Image\" loading=\"lazy\"><\/span><\/span><div class=\"x-anchor-text\"><span class=\"x-anchor-text-primary\">Purchase<\/span><\/div><\/div><\/a><\/div><div class=\"x-col x-hide-md x-hide-sm x-hide-xs e3428-e34 m2n8-y m2n8-10\"><\/div><\/div><\/div><div class=\"x-row x-container max width e3428-e35 m2n8-7 m2n8-9 m2n8-a m2n8-b m2n8-e m2n8-f m2n8-h m2n8-n\"><div class=\"x-row-inner\"><div class=\"x-col x-hide-sm x-hide-xs e3428-e36 m2n8-y m2n8-10\"><\/div><div class=\"x-col e3428-e37 m2n8-y m2n8-10\"><div class=\"x-text x-content e3428-e38 m2n8-1b m2n8-1d m2n8-1e m2n8-1g m2n8-1h m2n8-6 gk-text x-effect-exit\" data-x-effect=\"{&quot;scroll&quot;:true,&quot;offsetTop&quot;:&quot;10%&quot;,&quot;offsetBottom&quot;:&quot;10%&quot;,&quot;behaviorScroll&quot;:&quot;fire-once&quot;}\"><p><span class=\"\">This panorama of the best of international contemporary design features emblematic works by the iconic designers of the Galerie kreo.<\/span><br class=\"\" \/><br class=\"\" \/><span class=\"\">A retrospective of groundbreaking creativity, this volume offers an overview of contemporary design from the innovative Galerie kreo where, for the past twenty years, internationally renowned designers have produced, exhibited, and distributed their works. Founded in 1999 by Cl&eacute;mence and Didier Krzentowski as a place for contemporary designers to experiment, the Paris- and London-based galleries today remain firmly rooted in modernity.<\/span><br class=\"\" \/><br class=\"\" \/><span class=\"\">Pieces produced with Galerie kreo by the world's most exciting contemporary designers&mdash;from Marc Newson, Hella Jongerius, and Jaime Hayon to Virgil Abloh, Konstantin Grcic, and Ronan and Erwan Bouroullec&mdash;are presented alongside pivotal moments in design history. An <\/span><span id=\"js-showResume\" class=\"showResume\">interview with the gallery's founders, an illustrated retrospective of more than one hundred exhibitions, and tributes by Galerie kreo's key companions weave together the story of this unique design laboratory, where a culture of innovation inspires new solutions in form and technique, and where important designers and their emblematic works have charted contemporary-design history.<\/span><\/p><\/div><\/div><div class=\"x-col x-hide-md x-hide-sm x-hide-xs e3428-e39 m2n8-y m2n8-10\"><\/div><\/div><\/div><div class=\"x-row x-container max width e3428-e40 m2n8-7 m2n8-9 m2n8-a m2n8-f m2n8-g m2n8-h m2n8-o\"><div class=\"x-row-inner\"><div class=\"x-col e3428-e41 m2n8-y m2n8-10\"><span class=\"x-image e3428-e42 m2n8-16 m2n8-17 m2n8-6 x-effect-exit\" data-x-effect=\"{&quot;scroll&quot;:true,&quot;offsetTop&quot;:&quot;10%&quot;,&quot;offsetBottom&quot;:&quot;10%&quot;,&quot;behaviorScroll&quot;:&quot;fire-once&quot;}\"><img decoding=\"async\" src=\"https:\/\/www.galeriekreo.com\/wp-content\/uploads\/2021\/01\/GALERIE-KREO-NEW-BOOKS-MADE-IN-KREO-THE-DESIGN-LAB-EDITION-FLAMMARION-MARC-NEWSON.jpg\" width=\"1044\" height=\"692\" alt=\"Image\" loading=\"lazy\"><\/span><\/div><div class=\"x-col e3428-e43 m2n8-y m2n8-10\"><span class=\"x-image e3428-e44 m2n8-16 m2n8-17 m2n8-6 x-effect-exit\" data-x-effect=\"{&quot;scroll&quot;:true,&quot;offsetTop&quot;:&quot;10%&quot;,&quot;offsetBottom&quot;:&quot;10%&quot;,&quot;behaviorScroll&quot;:&quot;fire-once&quot;}\"><img decoding=\"async\" src=\"https:\/\/www.galeriekreo.com\/wp-content\/uploads\/2021\/01\/GALERIE-KREO-NEW-BOOKS-MADE-IN-KREO-THE-DESIGN-LAB-EDITION-FLAMMARION-HELLA-JONGERIUS.jpg\" width=\"1044\" height=\"692\" alt=\"Image\" loading=\"lazy\"><\/span><\/div><\/div><\/div><div class=\"x-row x-container max width e3428-e45 m2n8-7 m2n8-8 m2n8-9 m2n8-a m2n8-b m2n8-h m2n8-p\"><div class=\"x-row-inner\"><div class=\"x-col e3428-e46 m2n8-y m2n8-10\"><hr class=\"x-line e3428-e47 m2n8-1n\"\/><\/div><\/div><\/div><div class=\"x-row x-container max width e3428-e48 m2n8-7 m2n8-8 m2n8-9 m2n8-a m2n8-h m2n8-q m2n8-6 x-effect-exit\" data-x-effect=\"{&quot;scroll&quot;:true,&quot;offsetTop&quot;:&quot;10%&quot;,&quot;offsetBottom&quot;:&quot;10%&quot;,&quot;behaviorScroll&quot;:&quot;fire-once&quot;}\"><div class=\"x-row-inner\"><div class=\"x-col x-hide-sm x-hide-xs e3428-e49 m2n8-y m2n8-10\"><\/div><div class=\"x-col e3428-e50 m2n8-y m2n8-10\"><span class=\"x-image e3428-e51 m2n8-16 m2n8-17\"><img decoding=\"async\" src=\"https:\/\/www.galeriekreo.com\/wp-content\/uploads\/2021\/01\/Galerie-kreo_Complete-Designers-Lights-II_Didier-Krzentowski.jpg\" width=\"1000\" height=\"1205\" alt=\"Image\" loading=\"lazy\"><\/span><\/div><div class=\"x-col e3428-e52 m2n8-y m2n8-10\"><div class=\"x-text x-content e3428-e53 m2n8-19 m2n8-1b m2n8-1d m2n8-1g m2n8-1h m2n8-1i book-title\">The Complete Designers' Lights II: Catalogue Raisonn\u00e9<\/div><div class=\"x-text x-content e3428-e54 m2n8-1b m2n8-1e m2n8-1g m2n8-1h m2n8-1j gk-text\">English Language Edition<\/div><a class=\"x-anchor x-anchor-button has-graphic e3428-e55 m2n8-12 m2n8-15 purchase-btn\" tabindex=\"0\" href=\"https:\/\/jrp-editions.com\/art\/books\/catalogues\/catalogues-biennales-collections\/the-complete-designers-lights-ii\/\" target=\"_blank\" rel=\"noopener noreferrer\"><div class=\"x-anchor-content\"><span class=\"x-graphic\" aria-hidden=\"true\"><span class=\"x-image x-graphic-child x-graphic-image x-graphic-primary\"><img decoding=\"async\" src=\"https:\/\/www.galeriekreo.com\/wp-content\/uploads\/2021\/03\/Arrowright.png\" width=\"250\" height=\"183\" alt=\"Image\" loading=\"lazy\"><\/span><\/span><div class=\"x-anchor-text\"><span class=\"x-anchor-text-primary\">Purchase<\/span><\/div><\/div><\/a><\/div><div class=\"x-col x-hide-md x-hide-sm x-hide-xs e3428-e56 m2n8-y m2n8-10\"><\/div><\/div><\/div><div class=\"x-row x-container max width e3428-e57 m2n8-7 m2n8-9 m2n8-a m2n8-b m2n8-e m2n8-f m2n8-h m2n8-r\"><div class=\"x-row-inner\"><div class=\"x-col x-hide-sm x-hide-xs e3428-e58 m2n8-y m2n8-10\"><\/div><div class=\"x-col e3428-e59 m2n8-y m2n8-10\"><div class=\"x-text x-content e3428-e60 m2n8-1b m2n8-1d m2n8-1e m2n8-1g m2n8-1h m2n8-6 gk-text x-effect-exit\" data-x-effect=\"{&quot;scroll&quot;:true,&quot;offsetTop&quot;:&quot;10%&quot;,&quot;offsetBottom&quot;:&quot;10%&quot;,&quot;behaviorScroll&quot;:&quot;fire-once&quot;}\"><p>&ldquo;The Complete Designers&rsquo; Lights II&rdquo; is the second and revised edition, corrected and augmented with many new lamps. It provides priceless documentation and a visual guide for those interested in light design and furniture history, offering a detailed insight into this particular and fascinating field. Conceived as a catalogue raisonn&eacute; of nearly 500 lights, this book also includes a discussion between Didier Krzentowski, the design historian and Director of the Bordeaux Mus&eacute;e des Arts d&eacute;coratifs et du Design, Constance Rubini, and the journalist and design critic Pierre Doze, as well as an essay by the design and art critic Alex Coles focusing on the relationship between light design and light art, mainly through a parallel study of Gino Sarfatti&rsquo;s and Dan Flavin&rsquo;s works.<\/p><\/div><\/div><div class=\"x-col x-hide-md x-hide-sm x-hide-xs e3428-e61 m2n8-y m2n8-10\"><\/div><\/div><\/div><div class=\"x-row x-container max width e3428-e62 m2n8-7 m2n8-9 m2n8-a m2n8-f m2n8-g m2n8-h m2n8-s\"><div class=\"x-row-inner\"><div class=\"x-col e3428-e63 m2n8-y m2n8-10\"><span class=\"x-image e3428-e64 m2n8-16 m2n8-17 m2n8-6 x-effect-exit\" data-x-effect=\"{&quot;scroll&quot;:true,&quot;offsetTop&quot;:&quot;10%&quot;,&quot;offsetBottom&quot;:&quot;10%&quot;,&quot;behaviorScroll&quot;:&quot;fire-once&quot;}\"><img decoding=\"async\" src=\"https:\/\/www.galeriekreo.com\/wp-content\/uploads\/2021\/02\/COMPLETE-DESIGNERS-LIGHT-II-02.jpg\" width=\"1044\" height=\"692\" alt=\"Image\" loading=\"lazy\"><\/span><\/div><div class=\"x-col e3428-e65 m2n8-y m2n8-10\"><span class=\"x-image e3428-e66 m2n8-16 m2n8-17 m2n8-6 x-effect-exit\" data-x-effect=\"{&quot;scroll&quot;:true,&quot;offsetTop&quot;:&quot;10%&quot;,&quot;offsetBottom&quot;:&quot;10%&quot;,&quot;behaviorScroll&quot;:&quot;fire-once&quot;}\"><img decoding=\"async\" src=\"https:\/\/www.galeriekreo.com\/wp-content\/uploads\/2021\/02\/COMPLETE-DESIGNERS-LIGHT-II-01.jpg\" width=\"1044\" height=\"692\" alt=\"Image\" loading=\"lazy\"><\/span><\/div><\/div><\/div><div class=\"x-row x-container max width e3428-e67 m2n8-7 m2n8-8 m2n8-9 m2n8-a m2n8-b m2n8-h m2n8-t\"><div class=\"x-row-inner\"><div class=\"x-col e3428-e68 m2n8-y m2n8-10\"><hr class=\"x-line e3428-e69 m2n8-1n\"\/><\/div><\/div><\/div><div class=\"x-row x-container max width e3428-e70 m2n8-7 m2n8-8 m2n8-9 m2n8-a m2n8-h m2n8-u m2n8-6 x-effect-exit\" data-x-effect=\"{&quot;scroll&quot;:true,&quot;offsetTop&quot;:&quot;10%&quot;,&quot;offsetBottom&quot;:&quot;10%&quot;,&quot;behaviorScroll&quot;:&quot;fire-once&quot;}\"><div class=\"x-row-inner\"><div class=\"x-col x-hide-sm x-hide-xs e3428-e71 m2n8-y m2n8-10\"><\/div><div class=\"x-col e3428-e72 m2n8-y m2n8-10\"><span class=\"x-image e3428-e73 m2n8-16 m2n8-17\"><img decoding=\"async\" src=\"https:\/\/www.galeriekreo.com\/wp-content\/uploads\/2021\/01\/31oZN5EtBHL.jpg\" width=\"399\" height=\"500\" alt=\"Image\" loading=\"lazy\"><\/span><\/div><div class=\"x-col e3428-e74 m2n8-y m2n8-10\"><div class=\"x-text x-content e3428-e75 m2n8-19 m2n8-1b m2n8-1d m2n8-1g m2n8-1h m2n8-1i book-title\">The Complete Designers' Lights: Catalogue Raisonn\u00e9<\/div><div class=\"x-text x-content e3428-e76 m2n8-1b m2n8-1e m2n8-1g m2n8-1h m2n8-1j gk-text\">English Language Edition<\/div><a class=\"x-anchor x-anchor-button has-graphic e3428-e77 m2n8-12 m2n8-15 purchase-btn\" tabindex=\"0\" href=\"https:\/\/jrp-editions.com\/art\/books\/catalogues\/catalogues-biennales-collections\/the-complete-designers-lights-1950-1990\/\" target=\"_blank\" rel=\"noopener noreferrer\"><div class=\"x-anchor-content\"><span class=\"x-graphic\" aria-hidden=\"true\"><span class=\"x-image x-graphic-child x-graphic-image x-graphic-primary\"><img decoding=\"async\" src=\"https:\/\/www.galeriekreo.com\/wp-content\/uploads\/2021\/03\/Arrowright.png\" width=\"250\" height=\"183\" alt=\"Image\" loading=\"lazy\"><\/span><\/span><div class=\"x-anchor-text\"><span class=\"x-anchor-text-primary\">Sold out<\/span><\/div><\/div><\/a><\/div><div class=\"x-col x-hide-md x-hide-sm x-hide-xs e3428-e78 m2n8-y m2n8-10\"><\/div><\/div><\/div><div class=\"x-row x-container max width e3428-e79 m2n8-7 m2n8-9 m2n8-a m2n8-b m2n8-e m2n8-f m2n8-h m2n8-v\"><div class=\"x-row-inner\"><div class=\"x-col x-hide-sm x-hide-xs e3428-e80 m2n8-y m2n8-10\"><\/div><div class=\"x-col e3428-e81 m2n8-y m2n8-10\"><div class=\"x-text x-content e3428-e82 m2n8-1b m2n8-1d m2n8-1e m2n8-1g m2n8-1h m2n8-6 gk-text x-effect-exit\" data-x-effect=\"{&quot;scroll&quot;:true,&quot;offsetTop&quot;:&quot;10%&quot;,&quot;offsetBottom&quot;:&quot;10%&quot;,&quot;behaviorScroll&quot;:&quot;fire-once&quot;}\"><p class=\"\"><span class=\"\" style=\"color: #000000;\">&ldquo;The Complete Designers&rsquo; Lights (1950&ndash;1990)&rdquo; provides priceless documentation and a visual guide for those interested in light design and furniture history, offering a detailed insight into this particular and fascinating field. Conceived as a catalogue raisonn&eacute; of nearly 500 lights, this book also includes a discussion between Didier Krzentowski, the design historian and curator of the Paris Mus&eacute;e des Arts d&eacute;coratifs, Constance Rubini, and the journalist and design critic Pierre Doze, as well as an essay by the design and art critic Alex Coles focusing on the relationship between light design and light art, mainly through a parallel study of Gino Sarfatti&rsquo;s and Dan Flavin&rsquo;s works.<\/span><\/p><\/div><\/div><div class=\"x-col x-hide-md x-hide-sm x-hide-xs e3428-e83 m2n8-y m2n8-10\"><\/div><\/div><\/div><div class=\"x-row x-container max width e3428-e84 m2n8-7 m2n8-9 m2n8-a m2n8-f m2n8-g m2n8-h m2n8-w\"><div class=\"x-row-inner\"><div class=\"x-col e3428-e85 m2n8-y m2n8-10\"><span class=\"x-image e3428-e86 m2n8-16 m2n8-17 m2n8-6 x-effect-exit\" data-x-effect=\"{&quot;scroll&quot;:true,&quot;offsetTop&quot;:&quot;10%&quot;,&quot;offsetBottom&quot;:&quot;10%&quot;,&quot;behaviorScroll&quot;:&quot;fire-once&quot;}\"><img decoding=\"async\" src=\"https:\/\/www.galeriekreo.com\/wp-content\/uploads\/2021\/02\/COMPLETE-DESIGNERS-LIGHT-02.jpg\" width=\"1044\" height=\"692\" alt=\"Image\" loading=\"lazy\"><\/span><\/div><div class=\"x-col e3428-e87 m2n8-y m2n8-10\"><span class=\"x-image e3428-e88 m2n8-16 m2n8-17 m2n8-6 x-effect-exit\" data-x-effect=\"{&quot;scroll&quot;:true,&quot;offsetTop&quot;:&quot;10%&quot;,&quot;offsetBottom&quot;:&quot;10%&quot;,&quot;behaviorScroll&quot;:&quot;fire-once&quot;}\"><img decoding=\"async\" src=\"https:\/\/www.galeriekreo.com\/wp-content\/uploads\/2021\/02\/COMPLETE-DESIGNERS-LIGHT-01.jpg\" width=\"1044\" height=\"692\" alt=\"Image\" loading=\"lazy\"><\/span><\/div><\/div><\/div><\/div><\/div>\n","protected":false},"excerpt":{"rendered":"<p>Overview &#038; MissionThe FoundersPublications Galerie kreo is recognized as one of the most influential furniture galleries on the international scene.The gallery defines itself as a &#8220;research laboratory&#8221; dedicated to the production of contemporary pieces in limited editions, created exclusively for the gallery, by the greatest contemporary designers, from Virgil Abloh, to Ronan &amp; Erwan Bouroullec, Edward Barber and Jay Osgerby, &#8230; <\/p>\n<div><a href=\"https:\/\/www.galeriekreo.com\/en\/about\/\" class=\"more-link\">Read More<\/a><\/div>\n","protected":false},"author":3,"featured_media":0,"parent":0,"menu_order":0,"comment_status":"closed","ping_status":"closed","template":"template-blank-4.php","meta":{"_acf_changed":false,"rs_blank_template":"","rs_page_bg_color":"","slide_template_v7":"","footnotes":""},"class_list":["post-3428","page","type-page","status-publish","hentry","no-post-thumbnail"],"acf":[],"_links":{"self":[{"href":"https:\/\/www.galeriekreo.com\/en\/wp-json\/wp\/v2\/pages\/3428","targetHints":{"allow":["GET"]}}],"collection":[{"href":"https:\/\/www.galeriekreo.com\/en\/wp-json\/wp\/v2\/pages"}],"about":[{"href":"https:\/\/www.galeriekreo.com\/en\/wp-json\/wp\/v2\/types\/page"}],"author":[{"embeddable":true,"href":"https:\/\/www.galeriekreo.com\/en\/wp-json\/wp\/v2\/users\/3"}],"replies":[{"embeddable":true,"href":"https:\/\/www.galeriekreo.com\/en\/wp-json\/wp\/v2\/comments?post=3428"}],"version-history":[{"count":0,"href":"https:\/\/www.galeriekreo.com\/en\/wp-json\/wp\/v2\/pages\/3428\/revisions"}],"wp:attachment":[{"href":"https:\/\/www.galeriekreo.com\/en\/wp-json\/wp\/v2\/media?parent=3428"}],"curies":[{"name":"wp","href":"https:\/\/api.w.org\/{rel}","templated":true}]}}