{"id":6693,"date":"2021-01-25T11:24:13","date_gmt":"2021-01-25T10:24:13","guid":{"rendered":"\/designer\/"},"modified":"2021-06-05T08:08:42","modified_gmt":"2021-06-05T06:08:42","slug":"designer","status":"publish","type":"page","link":"https:\/\/www.galeriekreo.com\/en\/designer\/","title":{"rendered":"Designer"},"content":{"rendered":"<div id=\"cs-content\" class=\"cs-content\"><\/div>\n","protected":false},"excerpt":{"rendered":"<p>Overview Works Biography Exhibitions Films News &#038; Interviews Publications kreo In Motion Available Works Fer \u00e0 b\u00e9ton et Ga\u00eblle Lauriot Pr\u00e9vost Dominique Perrault Vintage Shelf Walter Wirz Vintage Shelf Walter Wirz Vintage Shelf Walter Wirz Vintage Shelf Walter Wirz Vintage 1008 GM Vittorio, Lodovico and Giotto Gregotti, Meneghetti and Stoppino Vintage 1008 PM Vittorio, Lodovico and Giotto Gregotti, Meneghetti and &#8230; <\/p>\n<div><a href=\"https:\/\/www.galeriekreo.com\/en\/pieces_cpt\/yo-yo\/\" class=\"more-link\">Read More<\/a><\/div>\n","protected":false},"author":2,"featured_media":0,"parent":0,"menu_order":0,"comment_status":"closed","ping_status":"closed","template":"template-blank-4.php","meta":{"_acf_changed":false,"footnotes":""},"class_list":["post-6693","page","type-page","status-publish","hentry","no-post-thumbnail"],"acf":[],"_links":{"self":[{"href":"https:\/\/www.galeriekreo.com\/en\/wp-json\/wp\/v2\/pages\/6693","targetHints":{"allow":["GET"]}}],"collection":[{"href":"https:\/\/www.galeriekreo.com\/en\/wp-json\/wp\/v2\/pages"}],"about":[{"href":"https:\/\/www.galeriekreo.com\/en\/wp-json\/wp\/v2\/types\/page"}],"author":[{"embeddable":true,"href":"https:\/\/www.galeriekreo.com\/en\/wp-json\/wp\/v2\/users\/2"}],"replies":[{"embeddable":true,"href":"https:\/\/www.galeriekreo.com\/en\/wp-json\/wp\/v2\/comments?post=6693"}],"version-history":[{"count":0,"href":"https:\/\/www.galeriekreo.com\/en\/wp-json\/wp\/v2\/pages\/6693\/revisions"}],"wp:attachment":[{"href":"https:\/\/www.galeriekreo.com\/en\/wp-json\/wp\/v2\/media?parent=6693"}],"curies":[{"name":"wp","href":"https:\/\/api.w.org\/{rel}","templated":true}]}}