{"id":8400,"date":"2021-01-04T13:06:00","date_gmt":"2021-01-04T12:06:00","guid":{"rendered":"\/politique-de-confidentialite\/"},"modified":"2023-10-10T17:19:13","modified_gmt":"2023-10-10T15:19:13","slug":"politique-de-confidentialite","status":"publish","type":"page","link":"https:\/\/www.galeriekreo.com\/en\/politique-de-confidentialite\/","title":{"rendered":"Terms of Use &#038; Privacy Policy"},"content":{"rendered":"<div id=\"cs-content\" class=\"cs-content\"><\/div>\n","protected":false},"excerpt":{"rendered":"<p>Terms of Use &#038; Privacy Policy L\u00e9gislation et propri\u00e9t\u00e9 : Toute reproduction, repr\u00e9sentation, modification, publication totale ou partielle du site ou de son contenu est strictement interdite, et ce que ce soit le proc\u00e9d\u00e9 et le support. Toute exploitation non autoris\u00e9e du site ou de son contenu engage la responsabilit\u00e9 de l\u2019utilisateur et constitue un contrefa\u00e7on sanctionn\u00e9 par les articles &#8230; <\/p>\n<div><a href=\"https:\/\/www.galeriekreo.com\/en\/politique-de-confidentialite\/\" class=\"more-link\">Read More<\/a><\/div>\n","protected":false},"author":3,"featured_media":0,"parent":0,"menu_order":0,"comment_status":"closed","ping_status":"closed","template":"template-blank-4.php","meta":{"_acf_changed":false,"rs_blank_template":"","rs_page_bg_color":"","slide_template_v7":"","footnotes":""},"class_list":["post-8400","page","type-page","status-publish","hentry","no-post-thumbnail"],"acf":[],"_links":{"self":[{"href":"https:\/\/www.galeriekreo.com\/en\/wp-json\/wp\/v2\/pages\/8400","targetHints":{"allow":["GET"]}}],"collection":[{"href":"https:\/\/www.galeriekreo.com\/en\/wp-json\/wp\/v2\/pages"}],"about":[{"href":"https:\/\/www.galeriekreo.com\/en\/wp-json\/wp\/v2\/types\/page"}],"author":[{"embeddable":true,"href":"https:\/\/www.galeriekreo.com\/en\/wp-json\/wp\/v2\/users\/3"}],"replies":[{"embeddable":true,"href":"https:\/\/www.galeriekreo.com\/en\/wp-json\/wp\/v2\/comments?post=8400"}],"version-history":[{"count":0,"href":"https:\/\/www.galeriekreo.com\/en\/wp-json\/wp\/v2\/pages\/8400\/revisions"}],"wp:attachment":[{"href":"https:\/\/www.galeriekreo.com\/en\/wp-json\/wp\/v2\/media?parent=8400"}],"curies":[{"name":"wp","href":"https:\/\/api.w.org\/{rel}","templated":true}]}}